{"id":491,"date":"2023-12-27T08:19:00","date_gmt":"2023-12-27T08:19:00","guid":{"rendered":"https:\/\/www.yilmazturbo.com\/?page_id=491"},"modified":"2023-12-27T13:20:05","modified_gmt":"2023-12-27T13:20:05","slug":"hizmetlerimiz","status":"publish","type":"page","link":"https:\/\/www.yilmazturbo.com\/en\/hizmetlerimiz\/","title":{"rendered":"H\u0130ZMETLER\u0130M\u0130Z"},"content":{"rendered":"<div data-elementor-type=\"wp-page\" data-elementor-id=\"491\" class=\"elementor elementor-491\">\n\t\t\t\t<div class=\"elementor-element elementor-element-bde00ab e-flex e-con-boxed e-con e-parent\" data-id=\"bde00ab\" data-element_type=\"container\" data-settings=\"{&quot;content_width&quot;:&quot;boxed&quot;}\" data-core-v316-plus=\"true\">\n\t\t\t\t\t<div class=\"e-con-inner\">\n\t\t<div class=\"elementor-element elementor-element-b26e582 e-con-full e-flex e-con e-child\" data-id=\"b26e582\" data-element_type=\"container\" data-settings=\"{&quot;content_width&quot;:&quot;full&quot;}\">\n\t\t\t\t<div class=\"elementor-element elementor-element-e7d263e elementor-widget elementor-widget-heading\" data-id=\"e7d263e\" data-element_type=\"widget\" data-widget_type=\"heading.default\">\n\t\t\t\t<div class=\"elementor-widget-container\">\n\t\t\t<style>\/*! elementor - v3.19.0 - 07-02-2024 *\/\n.elementor-heading-title{padding:0;margin:0;line-height:1}.elementor-widget-heading .elementor-heading-title[class*=elementor-size-]>a{color:inherit;font-size:inherit;line-height:inherit}.elementor-widget-heading .elementor-heading-title.elementor-size-small{font-size:15px}.elementor-widget-heading .elementor-heading-title.elementor-size-medium{font-size:19px}.elementor-widget-heading .elementor-heading-title.elementor-size-large{font-size:29px}.elementor-widget-heading .elementor-heading-title.elementor-size-xl{font-size:39px}.elementor-widget-heading .elementor-heading-title.elementor-size-xxl{font-size:59px}<\/style><h2 class=\"elementor-heading-title elementor-size-default\">Y\u00fcksek H\u0131zl\u0131 Sesli Balans Makinas\u0131\n<\/h2>\t\t<\/div>\n\t\t\t\t<\/div>\n\t\t\t\t<div class=\"elementor-element elementor-element-4c09a65 elementor-widget elementor-widget-text-editor\" data-id=\"4c09a65\" data-element_type=\"widget\" data-widget_type=\"text-editor.default\">\n\t\t\t\t<div class=\"elementor-widget-container\">\n\t\t\t<style>\/*! elementor - v3.19.0 - 07-02-2024 *\/\n.elementor-widget-text-editor.elementor-drop-cap-view-stacked .elementor-drop-cap{background-color:#69727d;color:#fff}.elementor-widget-text-editor.elementor-drop-cap-view-framed .elementor-drop-cap{color:#69727d;border:3px solid;background-color:transparent}.elementor-widget-text-editor:not(.elementor-drop-cap-view-default) .elementor-drop-cap{margin-top:8px}.elementor-widget-text-editor:not(.elementor-drop-cap-view-default) .elementor-drop-cap-letter{width:1em;height:1em}.elementor-widget-text-editor .elementor-drop-cap{float:left;text-align:center;line-height:1;font-size:50px}.elementor-widget-text-editor .elementor-drop-cap-letter{display:inline-block}<\/style>\t\t\t\t<p>Y\u0131lmaz Turbo is proud to offer you the highest level of service with a special high-speed sound balancing machine used in the maintenance of turbocharged systems.<br \/>This special machine is designed to precisely reset the balance between the compressor shaft and the intake fan, which are connected to the middle bodies (cartridge) of the turbo cartridges.<br \/>At the same time, it thoroughly checks whether there is any oil leakage on the cartridge.<\/p>\t\t\t\t\t\t<\/div>\n\t\t\t\t<\/div>\n\t\t\t\t<\/div>\n\t\t<div class=\"elementor-element elementor-element-4361109 e-con-full e-flex e-con e-child\" data-id=\"4361109\" data-element_type=\"container\" data-settings=\"{&quot;content_width&quot;:&quot;full&quot;,&quot;animation&quot;:&quot;none&quot;}\">\n\t\t\t\t<div class=\"elementor-element elementor-element-54e16c1 elementor-widget elementor-widget-image\" data-id=\"54e16c1\" data-element_type=\"widget\" data-settings=\"{&quot;_animation&quot;:&quot;none&quot;}\" data-widget_type=\"image.default\">\n\t\t\t\t<div class=\"elementor-widget-container\">\n\t\t\t<style>\/*! elementor - v3.19.0 - 07-02-2024 *\/\n.elementor-widget-image{text-align:center}.elementor-widget-image a{display:inline-block}.elementor-widget-image a img[src$=\".svg\"]{width:48px}.elementor-widget-image img{vertical-align:middle;display:inline-block}<\/style>\t\t\t\t\t\t\t\t\t\t<img fetchpriority=\"high\" decoding=\"async\" width=\"300\" height=\"240\" src=\"https:\/\/www.yilmazturbo.com\/wp-content\/uploads\/2023\/12\/Adsiz-tasarim-300x240.jpg\" class=\"attachment-medium size-medium wp-image-499\" alt=\"\" srcset=\"https:\/\/www.yilmazturbo.com\/wp-content\/uploads\/2023\/12\/Adsiz-tasarim-300x240.jpg 300w, https:\/\/www.yilmazturbo.com\/wp-content\/uploads\/2023\/12\/Adsiz-tasarim.jpg 500w\" sizes=\"(max-width: 300px) 100vw, 300px\" \/>\t\t\t\t\t\t\t\t\t\t\t\t\t<\/div>\n\t\t\t\t<\/div>\n\t\t\t\t<\/div>\n\t\t<div class=\"elementor-element elementor-element-cf641a7 e-con-full e-flex e-con e-child\" data-id=\"cf641a7\" data-element_type=\"container\" data-settings=\"{&quot;content_width&quot;:&quot;full&quot;}\">\n\t\t\t\t<div class=\"elementor-element elementor-element-4176dd8 elementor-widget elementor-widget-heading\" data-id=\"4176dd8\" data-element_type=\"widget\" data-widget_type=\"heading.default\">\n\t\t\t\t<div class=\"elementor-widget-container\">\n\t\t\t<h2 class=\"elementor-heading-title elementor-size-default\">Flowbench Makinesi<\/h2>\t\t<\/div>\n\t\t\t\t<\/div>\n\t\t\t\t<div class=\"elementor-element elementor-element-c43a748 elementor-widget elementor-widget-text-editor\" data-id=\"c43a748\" data-element_type=\"widget\" data-widget_type=\"text-editor.default\">\n\t\t\t\t<div class=\"elementor-widget-container\">\n\t\t\t\t\t\t\t<p>Y\u0131lmaz Turbo offers the highest level of service with its new generation Flowbench Machine, which is specially designed to adjust and measure the air flow of turbocharged systems. <br \/>This machine allows you to adjust and measure the air flow values of variable geometry (VNT) turbos at factory standards.<\/p>\t\t\t\t\t\t<\/div>\n\t\t\t\t<\/div>\n\t\t\t\t<\/div>\n\t\t<div class=\"elementor-element elementor-element-a65ac11 e-con-full e-flex e-con e-child\" data-id=\"a65ac11\" data-element_type=\"container\" data-settings=\"{&quot;content_width&quot;:&quot;full&quot;}\">\n\t\t\t\t<div class=\"elementor-element elementor-element-848b28c elementor-widget elementor-widget-image\" data-id=\"848b28c\" data-element_type=\"widget\" data-widget_type=\"image.default\">\n\t\t\t\t<div class=\"elementor-widget-container\">\n\t\t\t\t\t\t\t\t\t\t\t\t\t<img decoding=\"async\" width=\"300\" height=\"240\" src=\"https:\/\/www.yilmazturbo.com\/wp-content\/uploads\/2023\/12\/Adsiz-tasarim-1-1-300x240.jpg\" class=\"attachment-medium size-medium wp-image-498\" alt=\"\" srcset=\"https:\/\/www.yilmazturbo.com\/wp-content\/uploads\/2023\/12\/Adsiz-tasarim-1-1-300x240.jpg 300w, https:\/\/www.yilmazturbo.com\/wp-content\/uploads\/2023\/12\/Adsiz-tasarim-1-1.jpg 500w\" sizes=\"(max-width: 300px) 100vw, 300px\" \/>\t\t\t\t\t\t\t\t\t\t\t\t\t<\/div>\n\t\t\t\t<\/div>\n\t\t\t\t<\/div>\n\t\t<div class=\"elementor-element elementor-element-79d4717 e-con-full e-flex e-con e-child\" data-id=\"79d4717\" data-element_type=\"container\" data-settings=\"{&quot;content_width&quot;:&quot;full&quot;}\">\n\t\t\t\t<div class=\"elementor-element elementor-element-a513d1b elementor-widget elementor-widget-heading\" data-id=\"a513d1b\" data-element_type=\"widget\" data-widget_type=\"heading.default\">\n\t\t\t\t<div class=\"elementor-widget-container\">\n\t\t\t<h2 class=\"elementor-heading-title elementor-size-default\">Delta Tech VNTT-PRO \n<\/h2>\t\t<\/div>\n\t\t\t\t<\/div>\n\t\t\t\t<div class=\"elementor-element elementor-element-6e03625 elementor-widget elementor-widget-text-editor\" data-id=\"6e03625\" data-element_type=\"widget\" data-widget_type=\"text-editor.default\">\n\t\t\t\t<div class=\"elementor-widget-container\">\n\t\t\t\t\t\t\t<p class=\" translation-block\">Y\u0131lmaz Turbo, turbo \u015farjl\u0131 sistemlerin test ve ayarlamalar\u0131nda kullan\u0131lan Delta Tech VNTT-PRO cihaz\u0131 ile <br>elektronik wastegatlerin ve vakum sens\u00f6rlerinin testlerini profesyonelce ger\u00e7ekle\u015ftirmenize olanak tan\u0131r.<\/p>\t\t\t\t\t\t<\/div>\n\t\t\t\t<\/div>\n\t\t\t\t<\/div>\n\t\t<div class=\"elementor-element elementor-element-a6a5040 e-con-full e-flex e-con e-child\" data-id=\"a6a5040\" data-element_type=\"container\" data-settings=\"{&quot;content_width&quot;:&quot;full&quot;}\">\n\t\t\t\t<div class=\"elementor-element elementor-element-826bfe7 elementor-widget elementor-widget-image\" data-id=\"826bfe7\" data-element_type=\"widget\" data-widget_type=\"image.default\">\n\t\t\t\t<div class=\"elementor-widget-container\">\n\t\t\t\t\t\t\t\t\t\t\t\t\t<img decoding=\"async\" width=\"300\" height=\"240\" src=\"https:\/\/www.yilmazturbo.com\/wp-content\/uploads\/2023\/12\/Adsiz-tasarim-2-1-300x240.jpg\" class=\"attachment-medium size-medium wp-image-497\" alt=\"\" srcset=\"https:\/\/www.yilmazturbo.com\/wp-content\/uploads\/2023\/12\/Adsiz-tasarim-2-1-300x240.jpg 300w, https:\/\/www.yilmazturbo.com\/wp-content\/uploads\/2023\/12\/Adsiz-tasarim-2-1.jpg 500w\" sizes=\"(max-width: 300px) 100vw, 300px\" \/>\t\t\t\t\t\t\t\t\t\t\t\t\t<\/div>\n\t\t\t\t<\/div>\n\t\t\t\t<\/div>\n\t\t\t\t\t<\/div>\n\t\t\t\t<\/div>\n\t\t\t\t<\/div>","protected":false},"excerpt":{"rendered":"<p>Y\u00fcksek H\u0131zl\u0131 Sesli Balans Makinas\u0131 Y\u0131lmaz Turbo , turbo \u015farjl\u0131 sistemlerin bak\u0131m\u0131nda kullan\u0131lan \u00f6zel bir y\u00fcksek h\u0131zl\u0131 sesli balans makinas\u0131yla sizlere en \u00fcst d\u00fczeyde hizmet [&hellip;]<\/p>","protected":false},"author":1,"featured_media":0,"parent":0,"menu_order":0,"comment_status":"closed","ping_status":"closed","template":"elementor_header_footer","meta":{"inline_featured_image":false,"footnotes":""},"class_list":["post-491","page","type-page","status-publish","hentry"],"aioseo_notices":[],"_links":{"self":[{"href":"https:\/\/www.yilmazturbo.com\/en\/wp-json\/wp\/v2\/pages\/491","targetHints":{"allow":["GET"]}}],"collection":[{"href":"https:\/\/www.yilmazturbo.com\/en\/wp-json\/wp\/v2\/pages"}],"about":[{"href":"https:\/\/www.yilmazturbo.com\/en\/wp-json\/wp\/v2\/types\/page"}],"author":[{"embeddable":true,"href":"https:\/\/www.yilmazturbo.com\/en\/wp-json\/wp\/v2\/users\/1"}],"replies":[{"embeddable":true,"href":"https:\/\/www.yilmazturbo.com\/en\/wp-json\/wp\/v2\/comments?post=491"}],"version-history":[{"count":49,"href":"https:\/\/www.yilmazturbo.com\/en\/wp-json\/wp\/v2\/pages\/491\/revisions"}],"predecessor-version":[{"id":569,"href":"https:\/\/www.yilmazturbo.com\/en\/wp-json\/wp\/v2\/pages\/491\/revisions\/569"}],"wp:attachment":[{"href":"https:\/\/www.yilmazturbo.com\/en\/wp-json\/wp\/v2\/media?parent=491"}],"curies":[{"name":"wp","href":"https:\/\/api.w.org\/{rel}","templated":true}]}}