{"id":112,"date":"2023-12-25T13:26:08","date_gmt":"2023-12-25T13:26:08","guid":{"rendered":"https:\/\/www.yilmazturbo.com\/?page_id=112"},"modified":"2023-12-29T12:55:00","modified_gmt":"2023-12-29T12:55:00","slug":"hakkimizda","status":"publish","type":"page","link":"https:\/\/www.yilmazturbo.com\/en\/hakkimizda\/","title":{"rendered":"ABOUT US"},"content":{"rendered":"<div data-elementor-type=\"wp-page\" data-elementor-id=\"112\" class=\"elementor elementor-112\">\n\t\t\t\t<div class=\"elementor-element elementor-element-990cce7 e-flex e-con-boxed e-con e-parent\" data-id=\"990cce7\" data-element_type=\"container\" data-settings=\"{&quot;content_width&quot;:&quot;boxed&quot;}\" data-core-v316-plus=\"true\">\n\t\t\t\t\t<div class=\"e-con-inner\">\n\t\t<div class=\"elementor-element elementor-element-cf1cd38 e-con-full e-flex e-con e-child\" data-id=\"cf1cd38\" data-element_type=\"container\" data-settings=\"{&quot;content_width&quot;:&quot;full&quot;}\">\n\t\t\t\t<div class=\"elementor-element elementor-element-a6ddb52 elementor-widget elementor-widget-heading\" data-id=\"a6ddb52\" data-element_type=\"widget\" data-widget_type=\"heading.default\">\n\t\t\t\t<div class=\"elementor-widget-container\">\n\t\t\t<style>\/*! elementor - v3.19.0 - 07-02-2024 *\/\n.elementor-heading-title{padding:0;margin:0;line-height:1}.elementor-widget-heading .elementor-heading-title[class*=elementor-size-]>a{color:inherit;font-size:inherit;line-height:inherit}.elementor-widget-heading .elementor-heading-title.elementor-size-small{font-size:15px}.elementor-widget-heading .elementor-heading-title.elementor-size-medium{font-size:19px}.elementor-widget-heading .elementor-heading-title.elementor-size-large{font-size:29px}.elementor-widget-heading .elementor-heading-title.elementor-size-xl{font-size:39px}.elementor-widget-heading .elementor-heading-title.elementor-size-xxl{font-size:59px}<\/style><h2 class=\"elementor-heading-title elementor-size-default\">ABOUT US<\/h2>\t\t<\/div>\n\t\t\t\t<\/div>\n\t\t\t\t<div class=\"elementor-element elementor-element-8371f16 elementor-widget elementor-widget-text-editor\" data-id=\"8371f16\" data-element_type=\"widget\" data-widget_type=\"text-editor.default\">\n\t\t\t\t<div class=\"elementor-widget-container\">\n\t\t\t<style>\/*! elementor - v3.19.0 - 07-02-2024 *\/\n.elementor-widget-text-editor.elementor-drop-cap-view-stacked .elementor-drop-cap{background-color:#69727d;color:#fff}.elementor-widget-text-editor.elementor-drop-cap-view-framed .elementor-drop-cap{color:#69727d;border:3px solid;background-color:transparent}.elementor-widget-text-editor:not(.elementor-drop-cap-view-default) .elementor-drop-cap{margin-top:8px}.elementor-widget-text-editor:not(.elementor-drop-cap-view-default) .elementor-drop-cap-letter{width:1em;height:1em}.elementor-widget-text-editor .elementor-drop-cap{float:left;text-align:center;line-height:1;font-size:50px}.elementor-widget-text-editor .elementor-drop-cap-letter{display:inline-block}<\/style>\t\t\t\t<p><strong>Who are we<\/strong><\/p><p>Y\u0131lmaz Turbo is a leading company in the sector in turbocharging system maintenance and repair, with years of experience and expert staff. We are a team established to provide the highest level of trust, fast solutions and excellent service to our customers.<\/p>\t\t\t\t\t\t<\/div>\n\t\t\t\t<\/div>\n\t\t\t\t<div class=\"elementor-element elementor-element-77872d0 elementor-widget elementor-widget-text-editor\" data-id=\"77872d0\" data-element_type=\"widget\" data-widget_type=\"text-editor.default\">\n\t\t\t\t<div class=\"elementor-widget-container\">\n\t\t\t\t\t\t\t<p><strong>Our Vision and Mission<\/strong><\/p><p>Our vision is to help our customers increase their engine performance and drive safely by providing the highest quality turbo repair service. Our mission is to create sustainable values by focusing on the specific needs of each customer and using our expertise and innovative solutions.<\/p><p><strong>Why Should You Choose Us?<\/strong><\/p><ul><li><p><strong>Expert staff:<\/strong> Our experienced technicians understand every detail of your turbocharged systems and offer the best solutions.<\/p><\/li><li><p><strong>Technology and Innovation<\/strong> We are well versed in the latest technology and innovations in the industry, so we can offer the most effective solutions to our customers.<\/p><\/li><li><p><strong>24\/7 Service:<\/strong> We are always ready for emergencies. We stand by our customers with our uninterrupted service approach 24 hours a day, 7 days a week.<\/p><\/li><\/ul>\t\t\t\t\t\t<\/div>\n\t\t\t\t<\/div>\n\t\t\t\t<\/div>\n\t\t<div class=\"elementor-element elementor-element-85b50ba e-con-full e-flex e-con e-child\" data-id=\"85b50ba\" data-element_type=\"container\" data-settings=\"{&quot;content_width&quot;:&quot;full&quot;}\">\n\t\t\t\t<div class=\"elementor-element elementor-element-fdfe371 animated-slow elementor-invisible elementor-widget elementor-widget-image\" data-id=\"fdfe371\" data-element_type=\"widget\" data-settings=\"{&quot;_animation&quot;:&quot;zoomInUp&quot;}\" data-widget_type=\"image.default\">\n\t\t\t\t<div class=\"elementor-widget-container\">\n\t\t\t<style>\/*! elementor - v3.19.0 - 07-02-2024 *\/\n.elementor-widget-image{text-align:center}.elementor-widget-image a{display:inline-block}.elementor-widget-image a img[src$=\".svg\"]{width:48px}.elementor-widget-image img{vertical-align:middle;display:inline-block}<\/style>\t\t\t\t\t\t\t\t\t\t<img fetchpriority=\"high\" decoding=\"async\" width=\"500\" height=\"550\" src=\"https:\/\/www.yilmazturbo.com\/wp-content\/uploads\/2023\/12\/Adsiz-tasarim-1.jpg\" class=\"attachment-large size-large wp-image-186\" alt=\"\" srcset=\"https:\/\/www.yilmazturbo.com\/wp-content\/uploads\/2023\/12\/Adsiz-tasarim-1.jpg 500w, https:\/\/www.yilmazturbo.com\/wp-content\/uploads\/2023\/12\/Adsiz-tasarim-1-273x300.jpg 273w\" sizes=\"(max-width: 500px) 100vw, 500px\" \/>\t\t\t\t\t\t\t\t\t\t\t\t\t<\/div>\n\t\t\t\t<\/div>\n\t\t\t\t<\/div>\n\t\t\t\t\t<\/div>\n\t\t\t\t<\/div>\n\t\t\t\t<\/div>","protected":false},"excerpt":{"rendered":"<p>HAKKIMIZDA Biz Kimiz Y\u0131lmaz Turbo, y\u0131llar\u0131n deneyimi ve uzman kadrosuyla turbo\u015farj sistemi bak\u0131m\u0131 ve tamiri konusunda sekt\u00f6rde lider bir firmad\u0131r. M\u00fc\u015fterilerimize en \u00fcst d\u00fczeyde g\u00fcven, [&hellip;]<\/p>","protected":false},"author":1,"featured_media":174,"parent":0,"menu_order":0,"comment_status":"closed","ping_status":"closed","template":"elementor_header_footer","meta":{"inline_featured_image":false,"footnotes":""},"class_list":["post-112","page","type-page","status-publish","has-post-thumbnail","hentry"],"aioseo_notices":[],"_links":{"self":[{"href":"https:\/\/www.yilmazturbo.com\/en\/wp-json\/wp\/v2\/pages\/112","targetHints":{"allow":["GET"]}}],"collection":[{"href":"https:\/\/www.yilmazturbo.com\/en\/wp-json\/wp\/v2\/pages"}],"about":[{"href":"https:\/\/www.yilmazturbo.com\/en\/wp-json\/wp\/v2\/types\/page"}],"author":[{"embeddable":true,"href":"https:\/\/www.yilmazturbo.com\/en\/wp-json\/wp\/v2\/users\/1"}],"replies":[{"embeddable":true,"href":"https:\/\/www.yilmazturbo.com\/en\/wp-json\/wp\/v2\/comments?post=112"}],"version-history":[{"count":29,"href":"https:\/\/www.yilmazturbo.com\/en\/wp-json\/wp\/v2\/pages\/112\/revisions"}],"predecessor-version":[{"id":713,"href":"https:\/\/www.yilmazturbo.com\/en\/wp-json\/wp\/v2\/pages\/112\/revisions\/713"}],"wp:featuredmedia":[{"embeddable":true,"href":"https:\/\/www.yilmazturbo.com\/en\/wp-json\/wp\/v2\/media\/174"}],"wp:attachment":[{"href":"https:\/\/www.yilmazturbo.com\/en\/wp-json\/wp\/v2\/media?parent=112"}],"curies":[{"name":"wp","href":"https:\/\/api.w.org\/{rel}","templated":true}]}}